{"id":5735,"date":"2024-01-04T11:13:38","date_gmt":"2024-01-04T10:13:38","guid":{"rendered":"https:\/\/aesthetic-beauty-munich.de\/zoskinhealth\/?post_type=product&#038;p=5735"},"modified":"2024-01-04T11:19:37","modified_gmt":"2024-01-04T10:19:37","slug":"exfoliating-polish","status":"publish","type":"product","link":"https:\/\/aesthetic-beauty-munich.de\/zoskinhealth\/produkt\/exfoliating-polish\/","title":{"rendered":"Exfoliating Polish"},"content":{"rendered":"<p>\u261b \u00a0 Entfernt gr\u00fcndlich abgestorbene Hautzellen und Hautfette<br \/>\n\u261b \u00a0 Schafft einen zarten ebenm\u00e4\u00dfigen Teint sowie Gl\u00e4ttung der Haut<br \/>\n\u261b \u00a0 F\u00f6rdert die Zellerneuerung durch Anregung der Mikrozirkulation<br \/>\n\u261b \u00a0 Reguliert die Feuchtigkeitsversorgung der Haut<\/p>\n","protected":false},"excerpt":{"rendered":"<p>Peeling f\u00fcr alle Hauttypen, au\u00dfer bei entz\u00fcndlicher Akne<\/p>\n","protected":false},"featured_media":5730,"template":"","meta":[],"product_cat":[58],"product_tag":[71],"class_list":{"0":"post-5735","1":"product","2":"type-product","3":"status-publish","4":"has-post-thumbnail","6":"product_cat-exfoliator","7":"product_tag-exfoliator","9":"first","10":"instock","11":"shipping-taxable","12":"purchasable","13":"product-type-simple"},"_links":{"self":[{"href":"https:\/\/aesthetic-beauty-munich.de\/zoskinhealth\/wp-json\/wp\/v2\/product\/5735","targetHints":{"allow":["GET"]}}],"collection":[{"href":"https:\/\/aesthetic-beauty-munich.de\/zoskinhealth\/wp-json\/wp\/v2\/product"}],"about":[{"href":"https:\/\/aesthetic-beauty-munich.de\/zoskinhealth\/wp-json\/wp\/v2\/types\/product"}],"wp:featuredmedia":[{"embeddable":true,"href":"https:\/\/aesthetic-beauty-munich.de\/zoskinhealth\/wp-json\/wp\/v2\/media\/5730"}],"wp:attachment":[{"href":"https:\/\/aesthetic-beauty-munich.de\/zoskinhealth\/wp-json\/wp\/v2\/media?parent=5735"}],"wp:term":[{"taxonomy":"product_cat","embeddable":true,"href":"https:\/\/aesthetic-beauty-munich.de\/zoskinhealth\/wp-json\/wp\/v2\/product_cat?post=5735"},{"taxonomy":"product_tag","embeddable":true,"href":"https:\/\/aesthetic-beauty-munich.de\/zoskinhealth\/wp-json\/wp\/v2\/product_tag?post=5735"}],"curies":[{"name":"wp","href":"https:\/\/api.w.org\/{rel}","templated":true}]}}