{"id":1494,"date":"2021-07-15T13:29:12","date_gmt":"2021-07-15T13:29:12","guid":{"rendered":"https:\/\/wgl-demo.net\/nuage\/?page_id=1494"},"modified":"2024-02-17T15:02:36","modified_gmt":"2024-02-17T14:02:36","slug":"ueber-uns","status":"publish","type":"page","link":"https:\/\/aesthetic-beauty-munich.de\/zoskinhealth\/ueber-uns\/","title":{"rendered":"\u00dcber uns"},"content":{"rendered":"\t\t<div data-elementor-type=\"wp-page\" data-elementor-id=\"1494\" class=\"elementor elementor-1494\" data-elementor-post-type=\"page\">\n\t\t\t\t\t\t<section class=\"elementor-section elementor-top-section elementor-element elementor-element-33e450f elementor-section-boxed elementor-section-height-default elementor-section-height-default\" data-id=\"33e450f\" data-element_type=\"section\">\n\t\t\t\t\t\t<div class=\"elementor-container elementor-column-gap-default\">\n\t\t\t\t\t<div class=\"elementor-column elementor-col-100 elementor-top-column elementor-element elementor-element-59ed94f\" data-id=\"59ed94f\" data-element_type=\"column\">\n\t\t\t<div class=\"elementor-widget-wrap elementor-element-populated\">\n\t\t\t\t\t\t<div class=\"elementor-element elementor-element-525eb27 elementor-widget elementor-widget-spacer\" data-id=\"525eb27\" data-element_type=\"widget\" data-widget_type=\"spacer.default\">\n\t\t\t\t<div class=\"elementor-widget-container\">\n\t\t\t<style>\/*! elementor - v3.19.0 - 07-02-2024 *\/\n.elementor-column .elementor-spacer-inner{height:var(--spacer-size)}.e-con{--container-widget-width:100%}.e-con-inner>.elementor-widget-spacer,.e-con>.elementor-widget-spacer{width:var(--container-widget-width,var(--spacer-size));--align-self:var(--container-widget-align-self,initial);--flex-shrink:0}.e-con-inner>.elementor-widget-spacer>.elementor-widget-container,.e-con>.elementor-widget-spacer>.elementor-widget-container{height:100%;width:100%}.e-con-inner>.elementor-widget-spacer>.elementor-widget-container>.elementor-spacer,.e-con>.elementor-widget-spacer>.elementor-widget-container>.elementor-spacer{height:100%}.e-con-inner>.elementor-widget-spacer>.elementor-widget-container>.elementor-spacer>.elementor-spacer-inner,.e-con>.elementor-widget-spacer>.elementor-widget-container>.elementor-spacer>.elementor-spacer-inner{height:var(--container-widget-height,var(--spacer-size))}.e-con-inner>.elementor-widget-spacer.elementor-widget-empty,.e-con>.elementor-widget-spacer.elementor-widget-empty{position:relative;min-height:22px;min-width:22px}.e-con-inner>.elementor-widget-spacer.elementor-widget-empty .elementor-widget-empty-icon,.e-con>.elementor-widget-spacer.elementor-widget-empty .elementor-widget-empty-icon{position:absolute;top:0;bottom:0;left:0;right:0;margin:auto;padding:0;width:22px;height:22px}<\/style>\t\t<div class=\"elementor-spacer\">\n\t\t\t<div class=\"elementor-spacer-inner\"><\/div>\n\t\t<\/div>\n\t\t\t\t<\/div>\n\t\t\t\t<\/div>\n\t\t\t\t\t<\/div>\n\t\t<\/div>\n\t\t\t\t\t<\/div>\n\t\t<\/section>\n\t\t\t\t<section class=\"elementor-section elementor-top-section elementor-element elementor-element-e02d71e elementor-section-boxed elementor-section-height-default elementor-section-height-default\" data-id=\"e02d71e\" data-element_type=\"section\">\n\t\t\t\t\t\t<div class=\"elementor-container elementor-column-gap-default\">\n\t\t\t\t\t<div class=\"elementor-column elementor-col-33 elementor-top-column elementor-element elementor-element-e0f6d05 elementor-invisible\" data-id=\"e0f6d05\" data-element_type=\"column\" data-settings=\"{&quot;animation&quot;:&quot;fadeInLeft&quot;}\">\n\t\t\t<div class=\"elementor-widget-wrap elementor-element-populated\">\n\t\t\t\t\t\t<div class=\"elementor-element elementor-element-d5bdb39 elementor-widget elementor-widget-image\" data-id=\"d5bdb39\" data-element_type=\"widget\" data-widget_type=\"image.default\">\n\t\t\t\t<div class=\"elementor-widget-container\">\n\t\t\t<style>\/*! elementor - v3.19.0 - 07-02-2024 *\/\n.elementor-widget-image{text-align:center}.elementor-widget-image a{display:inline-block}.elementor-widget-image a img[src$=\".svg\"]{width:48px}.elementor-widget-image img{vertical-align:middle;display:inline-block}<\/style>\t\t\t\t\t\t\t\t\t\t<img fetchpriority=\"high\" decoding=\"async\" width=\"500\" height=\"590\" src=\"https:\/\/aesthetic-beauty-munich.de\/zoskinhealth\/wp-content\/uploads\/2024\/02\/salon_aesthetic.jpg\" class=\"attachment-full size-full wp-image-5818\" alt=\"\" srcset=\"https:\/\/aesthetic-beauty-munich.de\/zoskinhealth\/wp-content\/uploads\/2024\/02\/salon_aesthetic.jpg 500w, https:\/\/aesthetic-beauty-munich.de\/zoskinhealth\/wp-content\/uploads\/2024\/02\/salon_aesthetic-254x300.jpg 254w\" sizes=\"(max-width: 500px) 100vw, 500px\" \/>\t\t\t\t\t\t\t\t\t\t\t\t\t<\/div>\n\t\t\t\t<\/div>\n\t\t\t\t\t<\/div>\n\t\t<\/div>\n\t\t\t\t<div class=\"elementor-column elementor-col-33 elementor-top-column elementor-element elementor-element-21ffba4 elementor-invisible\" data-id=\"21ffba4\" data-element_type=\"column\" data-settings=\"{&quot;animation&quot;:&quot;fadeIn&quot;,&quot;animation_delay&quot;:300}\">\n\t\t\t<div class=\"elementor-widget-wrap elementor-element-populated\">\n\t\t\t\t\t\t<div class=\"elementor-element elementor-element-806d669 elementor-widget elementor-widget-spacer\" data-id=\"806d669\" data-element_type=\"widget\" data-widget_type=\"spacer.default\">\n\t\t\t\t<div class=\"elementor-widget-container\">\n\t\t\t\t\t<div class=\"elementor-spacer\">\n\t\t\t<div class=\"elementor-spacer-inner\"><\/div>\n\t\t<\/div>\n\t\t\t\t<\/div>\n\t\t\t\t<\/div>\n\t\t\t\t<div class=\"elementor-element elementor-element-7e01987 acenter divider_yes elementor-widget elementor-widget-wgl-double-heading\" data-id=\"7e01987\" data-element_type=\"widget\" data-widget_type=\"wgl-double-heading.default\">\n\t\t\t\t<div class=\"elementor-widget-container\">\n\t\t\t<div class=\"wgl-double-heading\"><div class=\"dblh__subtitle\"><span>\u00dcber uns<\/span><\/div><h3 class=\"dblh__title-wrapper\"><span class=\"dblh__title dblh__title-1\">AESTHETIC BEAUTY <br>MUNICH<\/span><\/h3><span class=\"dblh__divider\"><\/span><\/div>\t\t<\/div>\n\t\t\t\t<\/div>\n\t\t\t\t<div class=\"elementor-element elementor-element-4fc4b69 elementor-widget__width-initial elementor-widget elementor-widget-text-editor\" data-id=\"4fc4b69\" data-element_type=\"widget\" data-widget_type=\"text-editor.default\">\n\t\t\t\t<div class=\"elementor-widget-container\">\n\t\t\t<style>\/*! elementor - v3.19.0 - 07-02-2024 *\/\n.elementor-widget-text-editor.elementor-drop-cap-view-stacked .elementor-drop-cap{background-color:#69727d;color:#fff}.elementor-widget-text-editor.elementor-drop-cap-view-framed .elementor-drop-cap{color:#69727d;border:3px solid;background-color:transparent}.elementor-widget-text-editor:not(.elementor-drop-cap-view-default) .elementor-drop-cap{margin-top:8px}.elementor-widget-text-editor:not(.elementor-drop-cap-view-default) .elementor-drop-cap-letter{width:1em;height:1em}.elementor-widget-text-editor .elementor-drop-cap{float:left;text-align:center;line-height:1;font-size:50px}.elementor-widget-text-editor .elementor-drop-cap-letter{display:inline-block}<\/style>\t\t\t\t<p>Das Sch\u00f6nheitssalon Aesthetic Beauty ist Ihr Experte in Sachen Sch\u00f6nheit und Wohlbefinden. Bei uns k\u00f6nnen Sie in angenehmer Atmosph\u00e4re unser Angebot an anspruchsvollen Behandlungen in den Bereichen Kosmetik, Wellness und Beauty genie\u00dfen. Wir verw\u00f6hnen Sie gerne rundum: von klassischen Sch\u00f6nheitsbehandlungen f\u00fcr Gesicht und K\u00f6rper bis hin zur innovative apparative Behandlungen. Bei uns wird jede Behandlung zu einem unvergesslichen Erlebnis!<\/p>\t\t\t\t\t\t<\/div>\n\t\t\t\t<\/div>\n\t\t\t\t<div class=\"elementor-element elementor-element-d31b5bb elementor-widget__width-initial elementor-widget elementor-widget-text-editor\" data-id=\"d31b5bb\" data-element_type=\"widget\" data-widget_type=\"text-editor.default\">\n\t\t\t\t<div class=\"elementor-widget-container\">\n\t\t\t\t\t\t\t<p>In unserem Sch\u00f6nheitssalon in M\u00fcnchen erfahren Sie Entspannung und Genuss f\u00fcr K\u00f6rper und Seele. Lassen Sie den stressigen Alltag hinter sich und genie\u00dfen Sie wohltuende Ruhe. In unserer Wohlf\u00fchlatmosph\u00e4re k\u00f6nnen Sie die Seele baumeln lassen und neue Kraft tanken. Unser kompetentes und freundliches Mitarbeiter-Team freut sich darauf, Sie mit unseren wellnessbehandlungen verw\u00f6hnen zu d\u00fcrfen!<\/p>\t\t\t\t\t\t<\/div>\n\t\t\t\t<\/div>\n\t\t\t\t<div class=\"elementor-element elementor-element-4a8e814 elementor-widget elementor-widget-spacer\" data-id=\"4a8e814\" data-element_type=\"widget\" data-widget_type=\"spacer.default\">\n\t\t\t\t<div class=\"elementor-widget-container\">\n\t\t\t\t\t<div class=\"elementor-spacer\">\n\t\t\t<div class=\"elementor-spacer-inner\"><\/div>\n\t\t<\/div>\n\t\t\t\t<\/div>\n\t\t\t\t<\/div>\n\t\t\t\t\t<\/div>\n\t\t<\/div>\n\t\t\t\t<div class=\"elementor-column elementor-col-33 elementor-top-column elementor-element elementor-element-67b2e14 elementor-invisible\" data-id=\"67b2e14\" data-element_type=\"column\" data-settings=\"{&quot;animation&quot;:&quot;fadeInRight&quot;}\">\n\t\t\t<div class=\"elementor-widget-wrap elementor-element-populated\">\n\t\t\t\t\t\t<div class=\"elementor-element elementor-element-88e5e5c elementor-widget elementor-widget-spacer\" data-id=\"88e5e5c\" data-element_type=\"widget\" data-widget_type=\"spacer.default\">\n\t\t\t\t<div class=\"elementor-widget-container\">\n\t\t\t\t\t<div class=\"elementor-spacer\">\n\t\t\t<div class=\"elementor-spacer-inner\"><\/div>\n\t\t<\/div>\n\t\t\t\t<\/div>\n\t\t\t\t<\/div>\n\t\t\t\t<div class=\"elementor-element elementor-element-0a59a74 elementor-widget elementor-widget-image\" data-id=\"0a59a74\" data-element_type=\"widget\" data-widget_type=\"image.default\">\n\t\t\t\t<div class=\"elementor-widget-container\">\n\t\t\t\t\t\t\t\t\t\t\t\t\t<img decoding=\"async\" width=\"500\" height=\"590\" src=\"https:\/\/aesthetic-beauty-munich.de\/zoskinhealth\/wp-content\/uploads\/2024\/02\/salon_aesthetic2.jpg\" class=\"attachment-full size-full wp-image-5819\" alt=\"\" srcset=\"https:\/\/aesthetic-beauty-munich.de\/zoskinhealth\/wp-content\/uploads\/2024\/02\/salon_aesthetic2.jpg 500w, https:\/\/aesthetic-beauty-munich.de\/zoskinhealth\/wp-content\/uploads\/2024\/02\/salon_aesthetic2-254x300.jpg 254w\" sizes=\"(max-width: 500px) 100vw, 500px\" \/>\t\t\t\t\t\t\t\t\t\t\t\t\t<\/div>\n\t\t\t\t<\/div>\n\t\t\t\t\t<\/div>\n\t\t<\/div>\n\t\t\t\t\t<\/div>\n\t\t<\/section>\n\t\t\t\t<section class=\"elementor-section elementor-top-section elementor-element elementor-element-1741c96 elementor-section-boxed elementor-section-height-default elementor-section-height-default\" data-id=\"1741c96\" data-element_type=\"section\">\n\t\t\t\t\t\t<div class=\"elementor-container elementor-column-gap-default\">\n\t\t\t\t\t<div class=\"elementor-column elementor-col-100 elementor-top-column elementor-element elementor-element-a3b5d39\" data-id=\"a3b5d39\" data-element_type=\"column\">\n\t\t\t<div class=\"elementor-widget-wrap elementor-element-populated\">\n\t\t\t\t\t\t<div class=\"elementor-element elementor-element-aa00483 elementor-widget elementor-widget-spacer\" data-id=\"aa00483\" data-element_type=\"widget\" data-widget_type=\"spacer.default\">\n\t\t\t\t<div class=\"elementor-widget-container\">\n\t\t\t\t\t<div class=\"elementor-spacer\">\n\t\t\t<div class=\"elementor-spacer-inner\"><\/div>\n\t\t<\/div>\n\t\t\t\t<\/div>\n\t\t\t\t<\/div>\n\t\t\t\t\t<\/div>\n\t\t<\/div>\n\t\t\t\t\t<\/div>\n\t\t<\/section>\n\t\t\t\t<section class=\"elementor-section elementor-top-section elementor-element elementor-element-30a81e3 elementor-section-boxed elementor-section-height-default elementor-section-height-default\" data-id=\"30a81e3\" data-element_type=\"section\">\n\t\t\t\t\t\t<div class=\"elementor-container elementor-column-gap-default\">\n\t\t\t\t\t<div class=\"elementor-column elementor-col-100 elementor-top-column elementor-element elementor-element-b705713\" data-id=\"b705713\" data-element_type=\"column\">\n\t\t\t<div class=\"elementor-widget-wrap elementor-element-populated\">\n\t\t\t\t\t\t<div class=\"elementor-element elementor-element-626ebd5 elementor-widget elementor-widget-spacer\" data-id=\"626ebd5\" data-element_type=\"widget\" data-widget_type=\"spacer.default\">\n\t\t\t\t<div class=\"elementor-widget-container\">\n\t\t\t\t\t<div class=\"elementor-spacer\">\n\t\t\t<div class=\"elementor-spacer-inner\"><\/div>\n\t\t<\/div>\n\t\t\t\t<\/div>\n\t\t\t\t<\/div>\n\t\t\t\t<div class=\"elementor-element elementor-element-527cf9c acenter divider_yes elementor-widget elementor-widget-wgl-double-heading\" data-id=\"527cf9c\" data-element_type=\"widget\" data-widget_type=\"wgl-double-heading.default\">\n\t\t\t\t<div class=\"elementor-widget-container\">\n\t\t\t<div class=\"wgl-double-heading\"><div class=\"dblh__subtitle\"><span>Unsere<\/span><\/div><h3 class=\"dblh__title-wrapper\"><span class=\"dblh__title dblh__title-1\">BEHANDLUNGEN<\/span><\/h3><span class=\"dblh__divider\"><\/span><\/div>\t\t<\/div>\n\t\t\t\t<\/div>\n\t\t\t\t\t<\/div>\n\t\t<\/div>\n\t\t\t\t\t<\/div>\n\t\t<\/section>\n\t\t\t\t<section class=\"elementor-section elementor-top-section elementor-element elementor-element-394c34e elementor-section-full_width elementor-section-height-default elementor-section-height-default\" data-id=\"394c34e\" data-element_type=\"section\">\n\t\t\t\t\t\t<div class=\"elementor-container elementor-column-gap-default\">\n\t\t\t\t\t<div class=\"elementor-column elementor-col-25 elementor-top-column elementor-element elementor-element-08b8fc9\" data-id=\"08b8fc9\" data-element_type=\"column\">\n\t\t\t<div class=\"elementor-widget-wrap elementor-element-populated\">\n\t\t\t\t\t\t<div class=\"elementor-element elementor-element-6bd86b1 acenter elementor-widget-image-box wgl-image-box elementor-widget elementor-widget-wgl-info-box\" data-id=\"6bd86b1\" data-element_type=\"widget\" data-widget_type=\"wgl-info-box.default\">\n\t\t\t\t<div class=\"elementor-widget-container\">\n\t\t\t<div class=\"wgl-infobox\"><a class=\"wgl-infobox__link\" href=\"https:\/\/aesthetic-beauty-munich.de\/augenbrauen-und-wipmernlifting\/\"><\/a><div class=\"wgl-infobox_wrapper wgl-layout-top\"><div class=\"media-wrapper img-wrapper\"><figure class=\"wgl-image-box_img\"><span ><img decoding=\"async\" width=\"740\" height=\"720\" src=\"https:\/\/aesthetic-beauty-munich.de\/zoskinhealth\/wp-content\/uploads\/2024\/02\/Augenbrauen-1.jpg\" class=\"attachment-full size-full wp-image-5852\" alt=\"\" srcset=\"https:\/\/aesthetic-beauty-munich.de\/zoskinhealth\/wp-content\/uploads\/2024\/02\/Augenbrauen-1.jpg 740w, https:\/\/aesthetic-beauty-munich.de\/zoskinhealth\/wp-content\/uploads\/2024\/02\/Augenbrauen-1-300x292.jpg 300w\" sizes=\"(max-width: 740px) 100vw, 740px\" \/><\/span><\/figure><\/div><div class=\"content_wrapper\"><div class=\"wgl-infobox-title_wrapper\"><h3 class=\"wgl-infobox_title\"><span class=\"wgl-infobox_title-idle\">Augenbrauen und Wipmernlifting<\/span><\/h3><\/div><div class=\"wgl-infobox_content\"><p>Ein Brow Lifting ist wie eine Art Augenbrauen-Dauerwelle<\/p><\/div><\/div><\/div><\/div>\t\t<\/div>\n\t\t\t\t<\/div>\n\t\t\t\t\t<\/div>\n\t\t<\/div>\n\t\t\t\t<div class=\"elementor-column elementor-col-25 elementor-top-column elementor-element elementor-element-904f2f1\" data-id=\"904f2f1\" data-element_type=\"column\">\n\t\t\t<div class=\"elementor-widget-wrap elementor-element-populated\">\n\t\t\t\t\t\t<div class=\"elementor-element elementor-element-b28c162 acenter elementor-widget-image-box wgl-image-box elementor-widget elementor-widget-wgl-info-box\" data-id=\"b28c162\" data-element_type=\"widget\" data-widget_type=\"wgl-info-box.default\">\n\t\t\t\t<div class=\"elementor-widget-container\">\n\t\t\t<div class=\"wgl-infobox\"><a class=\"wgl-infobox__link\" href=\"https:\/\/aesthetic-beauty-munich.de\/haarentfernung-mit-alexandrit-laser\/\"><\/a><div class=\"wgl-infobox_wrapper wgl-layout-top\"><div class=\"media-wrapper img-wrapper\"><figure class=\"wgl-image-box_img\"><span ><img loading=\"lazy\" decoding=\"async\" width=\"740\" height=\"720\" src=\"https:\/\/aesthetic-beauty-munich.de\/zoskinhealth\/wp-content\/uploads\/2024\/02\/Haarentfernung-1.jpg\" class=\"attachment-full size-full wp-image-5853\" alt=\"\" srcset=\"https:\/\/aesthetic-beauty-munich.de\/zoskinhealth\/wp-content\/uploads\/2024\/02\/Haarentfernung-1.jpg 740w, https:\/\/aesthetic-beauty-munich.de\/zoskinhealth\/wp-content\/uploads\/2024\/02\/Haarentfernung-1-300x292.jpg 300w\" sizes=\"(max-width: 740px) 100vw, 740px\" \/><\/span><\/figure><\/div><div class=\"content_wrapper\"><div class=\"wgl-infobox-title_wrapper\"><h3 class=\"wgl-infobox_title\"><span class=\"wgl-infobox_title-idle\">Haarentfernung Alexandrit Laser<\/span><\/h3><\/div><div class=\"wgl-infobox_content\"><p>Unerw\u00fcnschte Haare dauerhaft loswerden!<\/p><\/div><\/div><\/div><\/div>\t\t<\/div>\n\t\t\t\t<\/div>\n\t\t\t\t\t<\/div>\n\t\t<\/div>\n\t\t\t\t<div class=\"elementor-column elementor-col-25 elementor-top-column elementor-element elementor-element-d9dfd31\" data-id=\"d9dfd31\" data-element_type=\"column\">\n\t\t\t<div class=\"elementor-widget-wrap elementor-element-populated\">\n\t\t\t\t\t\t<div class=\"elementor-element elementor-element-c331c5c acenter elementor-widget-image-box wgl-image-box elementor-widget elementor-widget-wgl-info-box\" data-id=\"c331c5c\" data-element_type=\"widget\" data-widget_type=\"wgl-info-box.default\">\n\t\t\t\t<div class=\"elementor-widget-container\">\n\t\t\t<div class=\"wgl-infobox\"><a class=\"wgl-infobox__link\" href=\"https:\/\/aesthetic-beauty-munich.de\/bodyforming-onda-coolwaves\/\"><\/a><div class=\"wgl-infobox_wrapper wgl-layout-top\"><div class=\"media-wrapper img-wrapper\"><figure class=\"wgl-image-box_img\"><span ><img loading=\"lazy\" decoding=\"async\" width=\"740\" height=\"720\" src=\"https:\/\/aesthetic-beauty-munich.de\/zoskinhealth\/wp-content\/uploads\/2024\/02\/Bodyforming_Onda-1.jpg\" class=\"attachment-full size-full wp-image-5854\" alt=\"\" srcset=\"https:\/\/aesthetic-beauty-munich.de\/zoskinhealth\/wp-content\/uploads\/2024\/02\/Bodyforming_Onda-1.jpg 740w, https:\/\/aesthetic-beauty-munich.de\/zoskinhealth\/wp-content\/uploads\/2024\/02\/Bodyforming_Onda-1-300x292.jpg 300w\" sizes=\"(max-width: 740px) 100vw, 740px\" \/><\/span><\/figure><\/div><div class=\"content_wrapper\"><div class=\"wgl-infobox-title_wrapper\"><h3 class=\"wgl-infobox_title\"><span class=\"wgl-infobox_title-idle\">Bodyforming Onda Coolwaves<\/span><\/h3><\/div><div class=\"wgl-infobox_content\"><p>ONDA wirkt langfristig regenerierend und straffend.<\/p><\/div><\/div><\/div><\/div>\t\t<\/div>\n\t\t\t\t<\/div>\n\t\t\t\t\t<\/div>\n\t\t<\/div>\n\t\t\t\t<div class=\"elementor-column elementor-col-25 elementor-top-column elementor-element elementor-element-afe6aa2\" data-id=\"afe6aa2\" data-element_type=\"column\">\n\t\t\t<div class=\"elementor-widget-wrap elementor-element-populated\">\n\t\t\t\t\t\t<div class=\"elementor-element elementor-element-043e1bb acenter elementor-widget-image-box wgl-image-box elementor-widget elementor-widget-wgl-info-box\" data-id=\"043e1bb\" data-element_type=\"widget\" data-widget_type=\"wgl-info-box.default\">\n\t\t\t\t<div class=\"elementor-widget-container\">\n\t\t\t<div class=\"wgl-infobox\"><a class=\"wgl-infobox__link\" href=\"https:\/\/aesthetic-beauty-munich.de\/gesichtsbehandlungen\/\"><\/a><div class=\"wgl-infobox_wrapper wgl-layout-top\"><div class=\"media-wrapper img-wrapper\"><figure class=\"wgl-image-box_img\"><span ><img loading=\"lazy\" decoding=\"async\" width=\"740\" height=\"720\" src=\"https:\/\/aesthetic-beauty-munich.de\/zoskinhealth\/wp-content\/uploads\/2024\/02\/Gesichtsbehandlungen-1.jpg\" class=\"attachment-full size-full wp-image-5855\" alt=\"\" srcset=\"https:\/\/aesthetic-beauty-munich.de\/zoskinhealth\/wp-content\/uploads\/2024\/02\/Gesichtsbehandlungen-1.jpg 740w, https:\/\/aesthetic-beauty-munich.de\/zoskinhealth\/wp-content\/uploads\/2024\/02\/Gesichtsbehandlungen-1-300x292.jpg 300w\" sizes=\"(max-width: 740px) 100vw, 740px\" \/><\/span><\/figure><\/div><div class=\"content_wrapper\"><div class=\"wgl-infobox-title_wrapper\"><h3 class=\"wgl-infobox_title\"><span class=\"wgl-infobox_title-idle\">Gesichts Behandlungen<\/span><\/h3><\/div><div class=\"wgl-infobox_content\"><p>Sanft &amp; Sch\u00f6n bringt deine Haut zum Strahlen.<\/p><\/div><\/div><\/div><\/div>\t\t<\/div>\n\t\t\t\t<\/div>\n\t\t\t\t\t<\/div>\n\t\t<\/div>\n\t\t\t\t\t<\/div>\n\t\t<\/section>\n\t\t\t\t<section class=\"elementor-section elementor-top-section elementor-element elementor-element-6430a34 elementor-section-full_width elementor-section-height-default elementor-section-height-default\" data-id=\"6430a34\" data-element_type=\"section\">\n\t\t\t\t\t\t<div class=\"elementor-container elementor-column-gap-default\">\n\t\t\t\t\t<div class=\"elementor-column elementor-col-100 elementor-top-column elementor-element elementor-element-e015161\" data-id=\"e015161\" data-element_type=\"column\">\n\t\t\t<div class=\"elementor-widget-wrap elementor-element-populated\">\n\t\t\t\t\t\t<div class=\"elementor-element elementor-element-a693704 elementor-widget elementor-widget-wgl-clients\" data-id=\"a693704\" data-element_type=\"widget\" data-widget_type=\"wgl-clients.default\">\n\t\t\t\t<div class=\"elementor-widget-container\">\n\t\t\t<div class=\"wgl-clients clearfix anim-ex_images_ver items-7\" data-carousel=\"yes\"><div class=\"wgl-carousel_wrapper\"><div class=\"wgl-carousel swiper wgl-carousel_swiper swiper-container \" data-swiper='{\"watchOverflow\":true,\"infinite\":false,\"variableWidth\":false,\"autoplay\":false,\"autoplaySpeed\":null,\"speed\":3000,\"arrows\":false,\"dots\":false,\"adaptiveHeight\":false,\"responsive\":[{\"breakpoint\":1600,\"slidesToShow\":\"7\",\"slidesToScroll\":\"7\"},{\"breakpoint\":1201,\"slidesToShow\":\"7\",\"slidesToScroll\":\"7\"},{\"breakpoint\":768,\"slidesToShow\":\"4\",\"slidesToScroll\":\"4\"},{\"breakpoint\":280,\"slidesToShow\":\"2\",\"slidesToScroll\":\"2\"}]}' data-item-carousel='wgl_carousel_69fb350d315c4'><div class=\"swiper-wrapper\"><div class=\"clients_image elementor-repeater-item-9f678dd swiper-slide\"><div class=\"image_wrapper\"><img decoding=\"async\" class=\"hover_image\" alt=\"zo-skin-centre-logo-1\" src=\"https:\/\/aesthetic-beauty-munich.de\/zoskinhealth\/wp-content\/uploads\/2023\/12\/zo-skin-centre-logo-1-1.png\" \/><img decoding=\"async\" class=\"main_image\" alt=\"zo-skin-centre-logo\" src=\"https:\/\/aesthetic-beauty-munich.de\/zoskinhealth\/wp-content\/uploads\/2023\/12\/zo-skin-centre-logo-2.png\" \/><\/div><\/div><div class=\"clients_image elementor-repeater-item-77a70a7 swiper-slide\"><div class=\"image_wrapper\"><img decoding=\"async\" class=\"hover_image\" alt=\"zo-skin-centre-logo-1\" src=\"https:\/\/aesthetic-beauty-munich.de\/zoskinhealth\/wp-content\/uploads\/2023\/12\/zo-skin-centre-logo-1-1.png\" \/><img decoding=\"async\" class=\"main_image\" alt=\"zo-skin-centre-logo\" src=\"https:\/\/aesthetic-beauty-munich.de\/zoskinhealth\/wp-content\/uploads\/2023\/12\/zo-skin-centre-logo-2.png\" \/><\/div><\/div><div class=\"clients_image elementor-repeater-item-2f12dad swiper-slide\"><div class=\"image_wrapper\"><img decoding=\"async\" class=\"hover_image\" alt=\"zo-skin-centre-logo-1\" src=\"https:\/\/aesthetic-beauty-munich.de\/zoskinhealth\/wp-content\/uploads\/2023\/12\/zo-skin-centre-logo-1-1.png\" \/><img decoding=\"async\" class=\"main_image\" alt=\"zo-skin-centre-logo\" src=\"https:\/\/aesthetic-beauty-munich.de\/zoskinhealth\/wp-content\/uploads\/2023\/12\/zo-skin-centre-logo-2.png\" \/><\/div><\/div><div class=\"clients_image elementor-repeater-item-d24aa28 swiper-slide\"><div class=\"image_wrapper\"><img decoding=\"async\" class=\"hover_image\" alt=\"zo-skin-centre-logo-1\" src=\"https:\/\/aesthetic-beauty-munich.de\/zoskinhealth\/wp-content\/uploads\/2023\/12\/zo-skin-centre-logo-1-1.png\" \/><img decoding=\"async\" class=\"main_image\" alt=\"zo-skin-centre-logo\" src=\"https:\/\/aesthetic-beauty-munich.de\/zoskinhealth\/wp-content\/uploads\/2023\/12\/zo-skin-centre-logo-2.png\" \/><\/div><\/div><div class=\"clients_image elementor-repeater-item-970a90b swiper-slide\"><div class=\"image_wrapper\"><img decoding=\"async\" class=\"hover_image\" alt=\"zo-skin-centre-logo-1\" src=\"https:\/\/aesthetic-beauty-munich.de\/zoskinhealth\/wp-content\/uploads\/2023\/12\/zo-skin-centre-logo-1-1.png\" \/><img decoding=\"async\" class=\"main_image\" alt=\"zo-skin-centre-logo\" src=\"https:\/\/aesthetic-beauty-munich.de\/zoskinhealth\/wp-content\/uploads\/2023\/12\/zo-skin-centre-logo-2.png\" \/><\/div><\/div><div class=\"clients_image elementor-repeater-item-00d9bbe swiper-slide\"><div class=\"image_wrapper\"><img decoding=\"async\" class=\"hover_image\" alt=\"zo-skin-centre-logo-1\" src=\"https:\/\/aesthetic-beauty-munich.de\/zoskinhealth\/wp-content\/uploads\/2023\/12\/zo-skin-centre-logo-1-1.png\" \/><img decoding=\"async\" class=\"main_image\" alt=\"zo-skin-centre-logo\" src=\"https:\/\/aesthetic-beauty-munich.de\/zoskinhealth\/wp-content\/uploads\/2023\/12\/zo-skin-centre-logo-2.png\" \/><\/div><\/div><div class=\"clients_image elementor-repeater-item-cc6dfb0 swiper-slide\"><div class=\"image_wrapper\"><img decoding=\"async\" class=\"hover_image\" alt=\"zo-skin-centre-logo-1\" src=\"https:\/\/aesthetic-beauty-munich.de\/zoskinhealth\/wp-content\/uploads\/2023\/12\/zo-skin-centre-logo-1-1.png\" \/><img decoding=\"async\" class=\"main_image\" alt=\"zo-skin-centre-logo\" src=\"https:\/\/aesthetic-beauty-munich.de\/zoskinhealth\/wp-content\/uploads\/2023\/12\/zo-skin-centre-logo-2.png\" \/><\/div><\/div><\/div><\/div><\/div><\/div>\t\t<\/div>\n\t\t\t\t<\/div>\n\t\t\t\t\t<\/div>\n\t\t<\/div>\n\t\t\t\t\t<\/div>\n\t\t<\/section>\n\t\t\t\t<\/div>\n\t\t","protected":false},"excerpt":{"rendered":"<p>\u00dcber uns AESTHETIC BEAUTY MUNICH Das Sch\u00f6nheitssalon Aesthetic Beauty ist Ihr Experte in Sachen Sch\u00f6nheit und Wohlbefinden. Bei uns k\u00f6nnen Sie in angenehmer Atmosph\u00e4re unser Angebot an anspruchsvollen Behandlungen in den Bereichen Kosmetik, Wellness und Beauty genie\u00dfen. Wir verw\u00f6hnen Sie gerne rundum: von klassischen Sch\u00f6nheitsbehandlungen f\u00fcr Gesicht und K\u00f6rper bis hin zur innovative apparative Behandlungen. [&hellip;]<\/p>\n","protected":false},"author":1,"featured_media":0,"parent":0,"menu_order":0,"comment_status":"closed","ping_status":"closed","template":"","meta":{"footnotes":""},"class_list":["post-1494","page","type-page","status-publish","hentry"],"_links":{"self":[{"href":"https:\/\/aesthetic-beauty-munich.de\/zoskinhealth\/wp-json\/wp\/v2\/pages\/1494","targetHints":{"allow":["GET"]}}],"collection":[{"href":"https:\/\/aesthetic-beauty-munich.de\/zoskinhealth\/wp-json\/wp\/v2\/pages"}],"about":[{"href":"https:\/\/aesthetic-beauty-munich.de\/zoskinhealth\/wp-json\/wp\/v2\/types\/page"}],"author":[{"embeddable":true,"href":"https:\/\/aesthetic-beauty-munich.de\/zoskinhealth\/wp-json\/wp\/v2\/users\/1"}],"replies":[{"embeddable":true,"href":"https:\/\/aesthetic-beauty-munich.de\/zoskinhealth\/wp-json\/wp\/v2\/comments?post=1494"}],"version-history":[{"count":46,"href":"https:\/\/aesthetic-beauty-munich.de\/zoskinhealth\/wp-json\/wp\/v2\/pages\/1494\/revisions"}],"predecessor-version":[{"id":5877,"href":"https:\/\/aesthetic-beauty-munich.de\/zoskinhealth\/wp-json\/wp\/v2\/pages\/1494\/revisions\/5877"}],"wp:attachment":[{"href":"https:\/\/aesthetic-beauty-munich.de\/zoskinhealth\/wp-json\/wp\/v2\/media?parent=1494"}],"curies":[{"name":"wp","href":"https:\/\/api.w.org\/{rel}","templated":true}]}}