{"id":273,"date":"2023-12-01T17:42:27","date_gmt":"2023-12-01T16:42:27","guid":{"rendered":"https:\/\/aesthetic-beauty-munich.de\/gutscheine\/?post_type=product&#038;p=273"},"modified":"2023-12-01T17:50:22","modified_gmt":"2023-12-01T16:50:22","slug":"weihnachten-gutschein-wert-1000-e","status":"publish","type":"product","link":"https:\/\/aesthetic-beauty-munich.de\/gutscheine\/produkt\/weihnachten-gutschein-wert-1000-e\/","title":{"rendered":"Weihnachten Gutschein Wert 1000 \u20ac"},"content":{"rendered":"<p>Unsere Geschenkideen zu Weihnachten von Aesthetic Beauty Munich laden zum Verw\u00f6hnen und Genie\u00dfen ein und sind einfach perfekt f\u00fcr ganz besondere Weihnachtsw\u00fcnsche.<\/p>\n","protected":false},"excerpt":{"rendered":"<p>Unser traditionelles Spezialangebot nur f\u00fcr Weihnachten<br \/>\nAb Dezember zu kaufen, ab Januar n\u00e4chsten Jahres einl\u00f6sbar.<br \/>\n<strong>Die Gutscheine sind 1 Jahre g\u00fcltig.<\/strong><\/p>\n","protected":false},"featured_media":270,"template":"","meta":{"inline_featured_image":false,"site-sidebar-layout":"default","site-content-layout":"","ast-site-content-layout":"default","site-content-style":"default","site-sidebar-style":"default","ast-global-header-display":"","ast-banner-title-visibility":"","ast-main-header-display":"","ast-hfb-above-header-display":"","ast-hfb-below-header-display":"","ast-hfb-mobile-header-display":"","site-post-title":"","ast-breadcrumbs-content":"","ast-featured-img":"","footer-sml-layout":"","theme-transparent-header-meta":"default","adv-header-id-meta":"","stick-header-meta":"default","header-above-stick-meta":"","header-main-stick-meta":"","header-below-stick-meta":"","astra-migrate-meta-layouts":"set","ast-page-background-enabled":"default","ast-page-background-meta":{"desktop":{"background-color":"var(--ast-global-color-4)","background-image":"","background-repeat":"repeat","background-position":"center center","background-size":"auto","background-attachment":"scroll","background-type":"","background-media":"","overlay-type":"","overlay-color":"","overlay-opacity":"","overlay-gradient":""},"tablet":{"background-color":"","background-image":"","background-repeat":"repeat","background-position":"center center","background-size":"auto","background-attachment":"scroll","background-type":"","background-media":"","overlay-type":"","overlay-color":"","overlay-opacity":"","overlay-gradient":""},"mobile":{"background-color":"","background-image":"","background-repeat":"repeat","background-position":"center center","background-size":"auto","background-attachment":"scroll","background-type":"","background-media":"","overlay-type":"","overlay-color":"","overlay-opacity":"","overlay-gradient":""}},"ast-content-background-meta":{"desktop":{"background-color":"var(--ast-global-color-5)","background-image":"","background-repeat":"repeat","background-position":"center center","background-size":"auto","background-attachment":"scroll","background-type":"","background-media":"","overlay-type":"","overlay-color":"","overlay-opacity":"","overlay-gradient":""},"tablet":{"background-color":"var(--ast-global-color-5)","background-image":"","background-repeat":"repeat","background-position":"center center","background-size":"auto","background-attachment":"scroll","background-type":"","background-media":"","overlay-type":"","overlay-color":"","overlay-opacity":"","overlay-gradient":""},"mobile":{"background-color":"var(--ast-global-color-5)","background-image":"","background-repeat":"repeat","background-position":"center center","background-size":"auto","background-attachment":"scroll","background-type":"","background-media":"","overlay-type":"","overlay-color":"","overlay-opacity":"","overlay-gradient":""}}},"product_cat":[25],"product_tag":[],"giftcard-category":[],"class_list":{"0":"post-273","1":"product","2":"type-product","3":"status-publish","4":"has-post-thumbnail","6":"product_cat-weihnachten-gutschein","7":"desktop-align-left","8":"tablet-align-left","9":"mobile-align-left","11":"first","12":"instock","13":"virtual","14":"taxable","15":"purchasable","16":"product-type-gift-card"},"_links":{"self":[{"href":"https:\/\/aesthetic-beauty-munich.de\/gutscheine\/wp-json\/wp\/v2\/product\/273","targetHints":{"allow":["GET"]}}],"collection":[{"href":"https:\/\/aesthetic-beauty-munich.de\/gutscheine\/wp-json\/wp\/v2\/product"}],"about":[{"href":"https:\/\/aesthetic-beauty-munich.de\/gutscheine\/wp-json\/wp\/v2\/types\/product"}],"wp:featuredmedia":[{"embeddable":true,"href":"https:\/\/aesthetic-beauty-munich.de\/gutscheine\/wp-json\/wp\/v2\/media\/270"}],"wp:attachment":[{"href":"https:\/\/aesthetic-beauty-munich.de\/gutscheine\/wp-json\/wp\/v2\/media?parent=273"}],"wp:term":[{"taxonomy":"product_cat","embeddable":true,"href":"https:\/\/aesthetic-beauty-munich.de\/gutscheine\/wp-json\/wp\/v2\/product_cat?post=273"},{"taxonomy":"product_tag","embeddable":true,"href":"https:\/\/aesthetic-beauty-munich.de\/gutscheine\/wp-json\/wp\/v2\/product_tag?post=273"},{"taxonomy":"giftcard-category","embeddable":true,"href":"https:\/\/aesthetic-beauty-munich.de\/gutscheine\/wp-json\/wp\/v2\/giftcard-category?post=273"}],"curies":[{"name":"wp","href":"https:\/\/api.w.org\/{rel}","templated":true}]}}